{"id":622,"date":"2021-06-02T14:19:31","date_gmt":"2021-06-02T13:19:31","guid":{"rendered":"https:\/\/matam-france.com\/la-mesure\/?page_id=622"},"modified":"2021-06-02T14:19:31","modified_gmt":"2021-06-02T13:19:31","slug":"extractometre-mt-e","status":"publish","type":"page","link":"https:\/\/www.matam-france.com\/la-mesure\/extractometre-mt-e\/","title":{"rendered":"Extractom\u00e8tre MT-E"},"content":{"rendered":"<p><img loading=\"lazy\" decoding=\"async\" class=\"alignnone size-medium wp-image-625\" src=\"https:\/\/matam-france.com\/la-mesure\/wp-content\/uploads\/2021\/06\/20210602_143142-225x300.jpg\" alt=\"\" width=\"225\" height=\"300\" srcset=\"https:\/\/www.matam-france.com\/la-mesure\/wp-content\/uploads\/2021\/06\/20210602_143142-225x300.jpg 225w, https:\/\/www.matam-france.com\/la-mesure\/wp-content\/uploads\/2021\/06\/20210602_143142-768x1024.jpg 768w, https:\/\/www.matam-france.com\/la-mesure\/wp-content\/uploads\/2021\/06\/20210602_143142-113x150.jpg 113w, https:\/\/www.matam-france.com\/la-mesure\/wp-content\/uploads\/2021\/06\/20210602_143142-1152x1536.jpg 1152w, https:\/\/www.matam-france.com\/la-mesure\/wp-content\/uploads\/2021\/06\/20210602_143142-1536x2048.jpg 1536w, https:\/\/www.matam-france.com\/la-mesure\/wp-content\/uploads\/2021\/06\/20210602_143142-scaled.jpg 1920w\" sizes=\"auto, (max-width: 225px) 100vw, 225px\" \/> <img loading=\"lazy\" decoding=\"async\" class=\"alignnone size-medium wp-image-626\" src=\"https:\/\/matam-france.com\/la-mesure\/wp-content\/uploads\/2021\/06\/20210602_143339-225x300.jpg\" alt=\"\" width=\"225\" height=\"300\" srcset=\"https:\/\/www.matam-france.com\/la-mesure\/wp-content\/uploads\/2021\/06\/20210602_143339-225x300.jpg 225w, https:\/\/www.matam-france.com\/la-mesure\/wp-content\/uploads\/2021\/06\/20210602_143339-768x1024.jpg 768w, https:\/\/www.matam-france.com\/la-mesure\/wp-content\/uploads\/2021\/06\/20210602_143339-113x150.jpg 113w, https:\/\/www.matam-france.com\/la-mesure\/wp-content\/uploads\/2021\/06\/20210602_143339-1152x1536.jpg 1152w, https:\/\/www.matam-france.com\/la-mesure\/wp-content\/uploads\/2021\/06\/20210602_143339-1536x2048.jpg 1536w, https:\/\/www.matam-france.com\/la-mesure\/wp-content\/uploads\/2021\/06\/20210602_143339-scaled.jpg 1920w\" sizes=\"auto, (max-width: 225px) 100vw, 225px\" \/> \u00a0<img loading=\"lazy\" decoding=\"async\" class=\"alignnone size-medium wp-image-628\" src=\"https:\/\/matam-france.com\/la-mesure\/wp-content\/uploads\/2021\/06\/20210602_144131-225x300.jpg\" alt=\"\" width=\"225\" height=\"300\" srcset=\"https:\/\/www.matam-france.com\/la-mesure\/wp-content\/uploads\/2021\/06\/20210602_144131-225x300.jpg 225w, https:\/\/www.matam-france.com\/la-mesure\/wp-content\/uploads\/2021\/06\/20210602_144131-768x1024.jpg 768w, https:\/\/www.matam-france.com\/la-mesure\/wp-content\/uploads\/2021\/06\/20210602_144131-113x150.jpg 113w, https:\/\/www.matam-france.com\/la-mesure\/wp-content\/uploads\/2021\/06\/20210602_144131-1152x1536.jpg 1152w, https:\/\/www.matam-france.com\/la-mesure\/wp-content\/uploads\/2021\/06\/20210602_144131-1536x2048.jpg 1536w, https:\/\/www.matam-france.com\/la-mesure\/wp-content\/uploads\/2021\/06\/20210602_144131-scaled.jpg 1920w\" sizes=\"auto, (max-width: 225px) 100vw, 225px\" \/><\/p>\r\n<p>Cet appareil est un dynamom\u00e8tre autonome \u00e0 indicateur num\u00e9rique. Il permet d&rsquo;appliquer un effort de traction sur un support (anneau, cheville, rev\u00eatement&#8230;) tout en mesurant sa valeur.<\/p>\r\n<p><!-- \/wp:post-content -->\r\n\r\n<!-- wp:paragraph --><\/p>\r\n<p>Il est possible de mesurer la tenue en charge d&rsquo;un support, mais aussi de v\u00e9rifier la valeur de rupture du support \u00e0 l&rsquo;aide de la m\u00e9morisation de la valeur maximale atteinte.<\/p>\r\n<p>Diff\u00e9rentes \u00e9tendues de mesure disponibles &#8211;&gt; nous consulter<\/p>\r\n<p><a href=\"https:\/\/matam-france.com\/la-mesure\/wp-content\/uploads\/2021\/06\/MTE.pdf\">T\u00e9l\u00e9charger la documentation<\/a><\/p>","protected":false},"excerpt":{"rendered":"<p>\u00a0 Cet appareil est un dynamom\u00e8tre autonome \u00e0 indicateur num\u00e9rique. Il permet d&rsquo;appliquer un effort de traction sur un support (anneau, cheville, rev\u00eatement&#8230;) tout en mesurant sa valeur. Il est possible de mesurer la tenue en charge d&rsquo;un support, mais aussi de v\u00e9rifier la valeur de rupture du support \u00e0 l&rsquo;aide de la m\u00e9morisation de&#8230;<\/p>\n","protected":false},"author":2,"featured_media":0,"parent":0,"menu_order":0,"comment_status":"closed","ping_status":"closed","template":"","meta":{"footnotes":""},"class_list":["post-622","page","type-page","status-publish","hentry"],"_links":{"self":[{"href":"https:\/\/www.matam-france.com\/la-mesure\/wp-json\/wp\/v2\/pages\/622","targetHints":{"allow":["GET"]}}],"collection":[{"href":"https:\/\/www.matam-france.com\/la-mesure\/wp-json\/wp\/v2\/pages"}],"about":[{"href":"https:\/\/www.matam-france.com\/la-mesure\/wp-json\/wp\/v2\/types\/page"}],"author":[{"embeddable":true,"href":"https:\/\/www.matam-france.com\/la-mesure\/wp-json\/wp\/v2\/users\/2"}],"replies":[{"embeddable":true,"href":"https:\/\/www.matam-france.com\/la-mesure\/wp-json\/wp\/v2\/comments?post=622"}],"version-history":[{"count":5,"href":"https:\/\/www.matam-france.com\/la-mesure\/wp-json\/wp\/v2\/pages\/622\/revisions"}],"predecessor-version":[{"id":633,"href":"https:\/\/www.matam-france.com\/la-mesure\/wp-json\/wp\/v2\/pages\/622\/revisions\/633"}],"wp:attachment":[{"href":"https:\/\/www.matam-france.com\/la-mesure\/wp-json\/wp\/v2\/media?parent=622"}],"curies":[{"name":"wp","href":"https:\/\/api.w.org\/{rel}","templated":true}]}}