{"id":509,"date":"2020-02-15T19:52:50","date_gmt":"2020-02-15T18:52:50","guid":{"rendered":"http:\/\/matam-france.com\/la-mesure\/?page_id=509"},"modified":"2020-02-15T19:52:50","modified_gmt":"2020-02-15T18:52:50","slug":"mesure-de-force","status":"publish","type":"page","link":"https:\/\/www.matam-france.com\/la-mesure\/mesure-de-force\/","title":{"rendered":"Mesure de Force"},"content":{"rendered":"<div class=\"wp-block-columns\">\n<div class=\"wp-block-column\">\n<p style=\"text-align: right;\"><\/p>\n\n<\/div>\n<\/div>\n<!-- \/wp:post-content --><!-- wp:columns -->\n<div class=\"wp-block-columns\"><!-- wp:column -->\n<div class=\"wp-block-column\">\n<div class=\"wp-block-image\"><\/div>\n<\/div>\n<\/div>\n<!-- \/wp:column --><!-- wp:columns -->\n<div class=\"wp-block-columns\"><!-- wp:column -->\n<div class=\"wp-block-column\">\n<p class=\"has-text-align-right\">L\u2019appareil de mesure MT permet de mesurer les efforts de traction sur tout support avec un outil adapt\u00e9 (anneaux d&rsquo;ancrage, chevilles, collage des rev\u00eatements&#8230;)<\/p>\n<p style=\"text-align: right;\"><a href=\"http:\/\/matam-france.com\/la-mesure\/mt-2\/\">Lire la suite&#8230;<\/a><\/p>\n<!-- \/wp:column -->\n\n<\/div>\n<!-- \/wp:columns --><!-- wp:column -->\n<div class=\"wp-block-column\"><!-- wp:image {\"id\":141,\"width\":241,\"height\":159,\"sizeSlug\":\"large\"} -->\n<figure class=\"wp-block-image size-large is-resized\"><img loading=\"lazy\" decoding=\"async\" class=\"wp-image-141\" src=\"http:\/\/matam-france.com\/la-mesure\/wp-content\/uploads\/2019\/10\/Extractom\u00e8tre-1600-daN-5-1024x678.jpg\" alt=\"\" width=\"241\" height=\"159\" srcset=\"https:\/\/www.matam-france.com\/la-mesure\/wp-content\/uploads\/2019\/10\/Extractom\u00e8tre-1600-daN-5-1024x678.jpg 1024w, https:\/\/www.matam-france.com\/la-mesure\/wp-content\/uploads\/2019\/10\/Extractom\u00e8tre-1600-daN-5-300x199.jpg 300w, https:\/\/www.matam-france.com\/la-mesure\/wp-content\/uploads\/2019\/10\/Extractom\u00e8tre-1600-daN-5-768x509.jpg 768w\" sizes=\"auto, (max-width: 241px) 100vw, 241px\" \/><\/figure>\n<!-- \/wp:image -->\n\n<\/div>\n<!-- \/wp:column -->\n\n<\/div>\n<!-- \/wp:columns --><!-- wp:separator -->\n\n<hr class=\"wp-block-separator\" \/>\n\n<!-- \/wp:separator --><!-- wp:column -->\n<div class=\"wp-block-column\"><!-- wp:paragraph {\"align\":\"left\"} -->\n<p class=\"has-text-align-left\">Le dynamom\u00e8tre HTC permet de mesurer les efforts de compression ou de traction. Il existe en plusieurs versions, avec ou sans liaison.<\/p>\n<p style=\"text-align: left;\"><a href=\"http:\/\/matam-france.com\/la-mesure\/htc\/\">Lire la suite&#8230;<\/a><\/p>\n\n<\/div>\n<\/div><!-- \/wp:paragraph --><!-- \/wp:column --><!-- wp:columns -->\n<div class=\"wp-block-columns\"><!-- wp:column -->\n<div class=\"wp-block-column\"><!-- wp:image {\"align\":\"right\",\"id\":223,\"width\":199,\"height\":149,\"sizeSlug\":\"large\"} -->\n<div class=\"wp-block-image\">\n<figure class=\"alignright size-large is-resized\"><img loading=\"lazy\" decoding=\"async\" class=\"wp-image-223\" src=\"http:\/\/matam-france.com\/la-mesure\/wp-content\/uploads\/2019\/12\/MATAM-HTC-10-1024x768.jpg\" alt=\"\" width=\"199\" height=\"149\" srcset=\"https:\/\/www.matam-france.com\/la-mesure\/wp-content\/uploads\/2019\/12\/MATAM-HTC-10-1024x768.jpg 1024w, https:\/\/www.matam-france.com\/la-mesure\/wp-content\/uploads\/2019\/12\/MATAM-HTC-10-300x225.jpg 300w, https:\/\/www.matam-france.com\/la-mesure\/wp-content\/uploads\/2019\/12\/MATAM-HTC-10-768x576.jpg 768w, https:\/\/www.matam-france.com\/la-mesure\/wp-content\/uploads\/2019\/12\/MATAM-HTC-10-1536x1152.jpg 1536w, https:\/\/www.matam-france.com\/la-mesure\/wp-content\/uploads\/2019\/12\/MATAM-HTC-10.jpg 2048w\" sizes=\"auto, (max-width: 199px) 100vw, 199px\" \/><\/figure>\n<\/div>\n<!-- \/wp:image -->\n\n<\/div>\n<!-- \/wp:column --><!-- wp:column -->\n<div class=\"wp-block-column\"><!-- wp:paragraph {\"align\":\"left\"} -->\n<p class=\"has-text-align-left\">Le dynamom\u00e8tre HTC permet de mesurer les efforts de compression ou de traction. Il existe en plusieurs versions, avec ou sans liaison.<\/p>\n<p style=\"text-align: left;\"><a href=\"http:\/\/matam-france.com\/la-mesure\/htc\/\">Lire la suite&#8230;<\/a><\/p>\n\n<\/div>\n<\/div><!-- \/wp:post-content -->","protected":false},"excerpt":{"rendered":"<p>L\u2019appareil de mesure MT permet de mesurer les efforts de traction sur tout support avec un outil adapt\u00e9 (anneaux d&rsquo;ancrage, chevilles, collage des rev\u00eatements&#8230;) Lire la suite&#8230; Le dynamom\u00e8tre HTC permet de mesurer les efforts de compression ou de traction. Il existe en plusieurs versions, avec ou sans liaison. Lire la suite&#8230; Le dynamom\u00e8tre HTC&#8230;<\/p>\n","protected":false},"author":2,"featured_media":0,"parent":0,"menu_order":0,"comment_status":"closed","ping_status":"closed","template":"","meta":{"footnotes":""},"class_list":["post-509","page","type-page","status-publish","hentry"],"_links":{"self":[{"href":"https:\/\/www.matam-france.com\/la-mesure\/wp-json\/wp\/v2\/pages\/509","targetHints":{"allow":["GET"]}}],"collection":[{"href":"https:\/\/www.matam-france.com\/la-mesure\/wp-json\/wp\/v2\/pages"}],"about":[{"href":"https:\/\/www.matam-france.com\/la-mesure\/wp-json\/wp\/v2\/types\/page"}],"author":[{"embeddable":true,"href":"https:\/\/www.matam-france.com\/la-mesure\/wp-json\/wp\/v2\/users\/2"}],"replies":[{"embeddable":true,"href":"https:\/\/www.matam-france.com\/la-mesure\/wp-json\/wp\/v2\/comments?post=509"}],"version-history":[{"count":5,"href":"https:\/\/www.matam-france.com\/la-mesure\/wp-json\/wp\/v2\/pages\/509\/revisions"}],"predecessor-version":[{"id":517,"href":"https:\/\/www.matam-france.com\/la-mesure\/wp-json\/wp\/v2\/pages\/509\/revisions\/517"}],"wp:attachment":[{"href":"https:\/\/www.matam-france.com\/la-mesure\/wp-json\/wp\/v2\/media?parent=509"}],"curies":[{"name":"wp","href":"https:\/\/api.w.org\/{rel}","templated":true}]}}