{"id":503,"date":"2020-02-15T19:48:05","date_gmt":"2020-02-15T18:48:05","guid":{"rendered":"http:\/\/matam-france.com\/la-mesure\/?page_id=503"},"modified":"2025-12-07T11:11:35","modified_gmt":"2025-12-07T10:11:35","slug":"appareils-de-controle-de-disconnecteur-type-ba-de-15-a-250-mm","status":"publish","type":"page","link":"https:\/\/www.matam-france.com\/la-mesure\/appareils-de-controle-de-disconnecteur-type-ba-de-15-a-250-mm\/","title":{"rendered":"Appareils de Contr\u00f4le de Disconnecteur type BA de 15 \u00e0 250 mm (agr\u00e9\u00e9s NF P43-018) et des dispositifs de robinetterie install\u00e9s sur les r\u00e9seaux d\u2019eau potable"},"content":{"rendered":"\r\n<p>&nbsp;<\/p>\r\n\r\n<div class=\"wp-block-columns\">\r\n<div class=\"wp-block-column\">\r\n<p class=\"has-text-align-right\">L\u2019appareil num\u00e9rique ANCD104 (<span style=\"color: #ff0000;\">Appareil agr\u00e9\u00e9 NF P43-018<span style=\"color: #000000;\">) p<\/span><\/span>ermet d&rsquo;effectuer le contr\u00f4le annuel et obligatoire sur site des disconnecteurs de type BA de 15 \u00e0 250 mm et des dispositifs de robinetterie install\u00e9s sur les r\u00e9seaux d\u2019eau potable.<\/p>\r\n<p style=\"text-align: right;\"><a href=\"http:\/\/matam-france.com\/la-mesure\/ancd104\/\">Lire la suite&#8230;<\/a><\/p>\r\n<p><!-- \/wp:post-content --><\/p>\r\n<\/div>\r\n<p><!-- \/wp:column -->\r\n\r\n<!-- wp:column {\"verticalAlignment\":\"top\"} --><\/p>\r\n<div class=\"wp-block-column is-vertically-aligned-top\"><!-- wp:image {\"id\":290,\"width\":242,\"height\":136,\"sizeSlug\":\"large\"} -->\r\n<p>&nbsp;<\/p>\r\n<figure class=\"wp-block-image size-large is-resized\"><img loading=\"lazy\" decoding=\"async\" class=\"alignnone wp-image-704 size-medium\" src=\"https:\/\/www.matam-france.com\/la-mesure\/wp-content\/uploads\/2024\/03\/photoANCD104-300x209.jpg\" alt=\"\" width=\"300\" height=\"209\" srcset=\"https:\/\/www.matam-france.com\/la-mesure\/wp-content\/uploads\/2024\/03\/photoANCD104-300x209.jpg 300w, https:\/\/www.matam-france.com\/la-mesure\/wp-content\/uploads\/2024\/03\/photoANCD104-1024x714.jpg 1024w, https:\/\/www.matam-france.com\/la-mesure\/wp-content\/uploads\/2024\/03\/photoANCD104-150x105.jpg 150w, https:\/\/www.matam-france.com\/la-mesure\/wp-content\/uploads\/2024\/03\/photoANCD104-768x536.jpg 768w, https:\/\/www.matam-france.com\/la-mesure\/wp-content\/uploads\/2024\/03\/photoANCD104-1536x1072.jpg 1536w, https:\/\/www.matam-france.com\/la-mesure\/wp-content\/uploads\/2024\/03\/photoANCD104-500x350.jpg 500w, https:\/\/www.matam-france.com\/la-mesure\/wp-content\/uploads\/2024\/03\/photoANCD104.jpg 1637w\" sizes=\"auto, (max-width: 300px) 100vw, 300px\" \/><\/figure>\r\n<p><!-- \/wp:image --><\/p>\r\n<\/div>\r\n<p><!-- \/wp:column --><\/p>\r\n<\/div>\r\n<p><!-- \/wp:columns -->\r\n\r\n<!-- wp:separator --><\/p>\r\n<hr class=\"wp-block-separator\" \/>\r\n<p><!-- \/wp:separator -->\r\n\r\n<!-- wp:columns --><\/p>\r\n<div class=\"wp-block-columns\"><!-- wp:column -->\r\n<p>&nbsp;<\/p>\r\n<div class=\"wp-block-column\"><!-- wp:image {\"align\":\"right\",\"id\":282,\"width\":206,\"height\":154,\"sizeSlug\":\"large\"} -->\r\n<p>&nbsp;<\/p>\r\n<div class=\"wp-block-image\">\r\n<figure class=\"alignright size-large is-resized\"><img loading=\"lazy\" decoding=\"async\" class=\"alignnone wp-image-702 size-medium\" src=\"https:\/\/www.matam-france.com\/la-mesure\/wp-content\/uploads\/2024\/03\/photoANCD302-300x260.jpg\" alt=\"\" width=\"300\" height=\"260\" srcset=\"https:\/\/www.matam-france.com\/la-mesure\/wp-content\/uploads\/2024\/03\/photoANCD302-300x260.jpg 300w, https:\/\/www.matam-france.com\/la-mesure\/wp-content\/uploads\/2024\/03\/photoANCD302-1024x889.jpg 1024w, https:\/\/www.matam-france.com\/la-mesure\/wp-content\/uploads\/2024\/03\/photoANCD302-150x130.jpg 150w, https:\/\/www.matam-france.com\/la-mesure\/wp-content\/uploads\/2024\/03\/photoANCD302-768x666.jpg 768w, https:\/\/www.matam-france.com\/la-mesure\/wp-content\/uploads\/2024\/03\/photoANCD302-1536x1333.jpg 1536w, https:\/\/www.matam-france.com\/la-mesure\/wp-content\/uploads\/2024\/03\/photoANCD302-2048x1777.jpg 2048w\" sizes=\"auto, (max-width: 300px) 100vw, 300px\" \/><\/figure>\r\n<\/div>\r\n<p><!-- \/wp:image --><\/p>\r\n<\/div>\r\n<p><!-- \/wp:column -->\r\n\r\n<!-- wp:column --><\/p>\r\n<div class=\"wp-block-column\"><!-- wp:paragraph {\"align\":\"left\"} -->\r\n<p>&nbsp;<\/p>\r\n<p class=\"has-text-align-left\">L\u2019appareil num\u00e9rique ANCD302 (<span style=\"color: #ff0000;\">Appareil agr\u00e9\u00e9 NF P43-018<span style=\"color: #000000;\">) <\/span><\/span>permet d&rsquo;effectuer le contr\u00f4le annuel et obligatoire sur site des disconnecteurs de type BA de 15 \u00e0 250 mm et des dispositifs de robinetterie install\u00e9s sur les r\u00e9seaux d\u2019eau potable.<\/p>\r\n<p style=\"text-align: left;\"><a href=\"http:\/\/matam-france.com\/la-mesure\/ancd302-2\/\">Lire la suite&#8230;<\/a><\/p>\r\n<\/div>\r\n<\/div>","protected":false},"excerpt":{"rendered":"<p>&nbsp; L\u2019appareil num\u00e9rique ANCD104 (Appareil agr\u00e9\u00e9 NF P43-018) permet d&rsquo;effectuer le contr\u00f4le annuel et obligatoire sur site des disconnecteurs de type BA de 15 \u00e0 250 mm et des dispositifs de robinetterie install\u00e9s sur les r\u00e9seaux d\u2019eau potable. Lire la suite&#8230; &nbsp; &nbsp; &nbsp; &nbsp; L\u2019appareil num\u00e9rique ANCD302 (Appareil agr\u00e9\u00e9 NF P43-018) permet d&rsquo;effectuer le&#8230;<\/p>\n","protected":false},"author":2,"featured_media":0,"parent":0,"menu_order":0,"comment_status":"closed","ping_status":"closed","template":"","meta":{"footnotes":""},"class_list":["post-503","page","type-page","status-publish","hentry"],"_links":{"self":[{"href":"https:\/\/www.matam-france.com\/la-mesure\/wp-json\/wp\/v2\/pages\/503","targetHints":{"allow":["GET"]}}],"collection":[{"href":"https:\/\/www.matam-france.com\/la-mesure\/wp-json\/wp\/v2\/pages"}],"about":[{"href":"https:\/\/www.matam-france.com\/la-mesure\/wp-json\/wp\/v2\/types\/page"}],"author":[{"embeddable":true,"href":"https:\/\/www.matam-france.com\/la-mesure\/wp-json\/wp\/v2\/users\/2"}],"replies":[{"embeddable":true,"href":"https:\/\/www.matam-france.com\/la-mesure\/wp-json\/wp\/v2\/comments?post=503"}],"version-history":[{"count":11,"href":"https:\/\/www.matam-france.com\/la-mesure\/wp-json\/wp\/v2\/pages\/503\/revisions"}],"predecessor-version":[{"id":746,"href":"https:\/\/www.matam-france.com\/la-mesure\/wp-json\/wp\/v2\/pages\/503\/revisions\/746"}],"wp:attachment":[{"href":"https:\/\/www.matam-france.com\/la-mesure\/wp-json\/wp\/v2\/media?parent=503"}],"curies":[{"name":"wp","href":"https:\/\/api.w.org\/{rel}","templated":true}]}}