{"id":4,"date":"2019-06-27T07:41:56","date_gmt":"2019-06-27T07:41:56","guid":{"rendered":"http:\/\/matam-france.com\/la-mesure\/?page_id=4"},"modified":"2026-01-28T14:09:17","modified_gmt":"2026-01-28T13:09:17","slug":"en-bref","status":"publish","type":"page","link":"https:\/\/www.matam-france.com\/la-mesure\/","title":{"rendered":"En bref"},"content":{"rendered":"<p style=\"text-align: left;\">Depuis 1994, MATAM fabrique, transforme et vend des appareils de mesure de pression et de force.<\/p>\n<p>Elle est situ\u00e9e dans l&rsquo;Eure entre Evreux et Lisieux, en bordure de la RD 613 (ex RN 13).<\/p>\n<ul>\n<li style=\"text-align: left;\"><strong>Mesure de pression :<\/strong>\n<ul>\n<li>manom\u00e8tres<\/li>\n<li>appareils de contr\u00f4le de disconnecteur type BA de 15 \u00e0 250 mm (ANCD104 et ANCD302)<\/li>\n<\/ul>\n<\/li>\n<\/ul>\n<ul>\n<li><strong>Mesure de force :<\/strong>\n<ul>\n<li style=\"text-align: left;\">dynamom\u00e8tres<\/li>\n<li style=\"text-align: left;\">extractom\u00e8tres<\/li>\n<\/ul>\n<\/li>\n<\/ul>\n<p>En plus de 30 ans, MATAM s&rsquo;est entour\u00e9e de partenaires fiables et fid\u00e8les pour proposer des produits et services de qualit\u00e9.<\/p>\n","protected":false},"excerpt":{"rendered":"<p>Depuis 1994, MATAM fabrique, transforme et vend des appareils de mesure de pression et de force. Elle est situ\u00e9e dans l&rsquo;Eure entre Evreux et Lisieux, en bordure de la RD 613 (ex RN 13). Mesure de pression : manom\u00e8tres appareils de contr\u00f4le de disconnecteur type BA de 15 \u00e0 250 mm (ANCD104 et ANCD302) Mesure&#8230;<\/p>\n","protected":false},"author":1,"featured_media":0,"parent":0,"menu_order":0,"comment_status":"closed","ping_status":"closed","template":"","meta":{"footnotes":""},"class_list":["post-4","page","type-page","status-publish","hentry"],"_links":{"self":[{"href":"https:\/\/www.matam-france.com\/la-mesure\/wp-json\/wp\/v2\/pages\/4","targetHints":{"allow":["GET"]}}],"collection":[{"href":"https:\/\/www.matam-france.com\/la-mesure\/wp-json\/wp\/v2\/pages"}],"about":[{"href":"https:\/\/www.matam-france.com\/la-mesure\/wp-json\/wp\/v2\/types\/page"}],"author":[{"embeddable":true,"href":"https:\/\/www.matam-france.com\/la-mesure\/wp-json\/wp\/v2\/users\/1"}],"replies":[{"embeddable":true,"href":"https:\/\/www.matam-france.com\/la-mesure\/wp-json\/wp\/v2\/comments?post=4"}],"version-history":[{"count":20,"href":"https:\/\/www.matam-france.com\/la-mesure\/wp-json\/wp\/v2\/pages\/4\/revisions"}],"predecessor-version":[{"id":755,"href":"https:\/\/www.matam-france.com\/la-mesure\/wp-json\/wp\/v2\/pages\/4\/revisions\/755"}],"wp:attachment":[{"href":"https:\/\/www.matam-france.com\/la-mesure\/wp-json\/wp\/v2\/media?parent=4"}],"curies":[{"name":"wp","href":"https:\/\/api.w.org\/{rel}","templated":true}]}}