{"id":323,"date":"2020-01-25T17:26:35","date_gmt":"2020-01-25T17:26:35","guid":{"rendered":"http:\/\/matam-france.com\/la-mesure\/?page_id=323"},"modified":"2026-02-04T21:06:51","modified_gmt":"2026-02-04T20:06:51","slug":"nf-p-43-018","status":"publish","type":"page","link":"https:\/\/www.matam-france.com\/la-mesure\/nf-p-43-018\/","title":{"rendered":"NF P 43-018"},"content":{"rendered":"<p>&nbsp;<\/p>\n<p>La marque NF appos\u00e9e sur un produit atteste que celui-ci est conforme aux normes le concernant et \u00e9ventuellement \u00e0 des prescriptions techniques compl\u00e9mentaires demand\u00e9es par le march\u00e9.<br \/>\nLes caract\u00e9ristiques sont pr\u00e9cis\u00e9es dans des documents techniques \u00e9labor\u00e9s en concertation avec les fabricants, les distributeurs, les associations de consommateurs, les laboratoires et les pouvoirs publics, fix\u00e9es par AFNOR Certification et contr\u00f4l\u00e9es par le CSTB (Centre Scientifique et Technique du B\u00e2timent).<br \/>\nLe CSTB effectue les essais sur des produits et les audits des entreprises dans le cadre de cette application.<\/p>\n<p>La marque NF est appos\u00e9e sur nos appareillages de contr\u00f4le sur site des ensembles de protection sanitaire des r\u00e9seaux d\u2019eau potable<\/p>\n<p><strong>Qu&rsquo;apporte la marque NF ?<\/strong><br \/>\nLa marque NF \u2013 ANTIPOLLUTION DES INSTALLATIONS D\u2019EAU certifie la conformit\u00e9 des produits aux r\u00e8gles de certification NF045 approuv\u00e9es par le CSTB et par AFNOR Certification.<br \/>\nCela garantit, notamment pour les appareillages de contr\u00f4le, la v\u00e9rification sur site du fonctionnement des ensembles de protection.<\/p>\n<p><strong>Comment reconna\u00eetre un produit NF ?<\/strong><br \/>\nPour distinguer les produits admis \u00e0 la marque NF &#8211; ANTIPOLLUTION DES INSTALLATIONS D\u2019EAU de ceux qui ne le sont pas dans le catalogue, le logo ou est plac\u00e9 \u00e0 c\u00f4t\u00e9 de l&rsquo;article en b\u00e9n\u00e9ficiant.<br \/>\nEn outre, pour les reconna\u00eetre dans le commerce et lors de l&rsquo;installation :<\/p>\n<p>&#8211; le logo est appos\u00e9 \u00e9ventuellement sur les emballages\u00a0:<\/p>\n<p><img loading=\"lazy\" decoding=\"async\" class=\"alignnone size-full wp-image-325 aligncenter\" src=\"http:\/\/matam-france.com\/la-mesure\/wp-content\/uploads\/2020\/01\/Logo-NF-comment\u00e9.jpg\" alt=\"\" width=\"88\" height=\"74\" \/><\/p>\n<p>&#8211; le logo est appos\u00e9 sur les produits eux-m\u00eames et sur les emballages :<\/p>\n<p><img loading=\"lazy\" decoding=\"async\" class=\"alignnone size-full wp-image-326 aligncenter\" src=\"http:\/\/matam-france.com\/la-mesure\/wp-content\/uploads\/2020\/01\/Logo-NF-seul.jpg\" alt=\"\" width=\"74\" height=\"54\" \/><\/p>\n<p>Sites internet : <u><a href=\"http:\/\/www.marque-nf.com\/\">www.marque-NF.com<\/a><\/u> ou <u><a href=\"http:\/\/evaluation.cstb.fr\/\">http:\/\/evaluation.cstb.fr<\/a><\/u><\/p>\n<p>&nbsp;<\/p>\n<p style=\"text-align: center;\"><a href=\"https:\/\/www.matam-france.com\/la-mesure\/wp-content\/uploads\/2026\/02\/NF045_409-26_1-MATAM.pdf\">Certificat NF de MATAM<\/a><\/p>\n","protected":false},"excerpt":{"rendered":"<p>&nbsp; La marque NF appos\u00e9e sur un produit atteste que celui-ci est conforme aux normes le concernant et \u00e9ventuellement \u00e0 des prescriptions techniques compl\u00e9mentaires demand\u00e9es par le march\u00e9. Les caract\u00e9ristiques sont pr\u00e9cis\u00e9es dans des documents techniques \u00e9labor\u00e9s en concertation avec les fabricants, les distributeurs, les associations de consommateurs, les laboratoires et les pouvoirs publics, fix\u00e9es&#8230;<\/p>\n","protected":false},"author":2,"featured_media":0,"parent":0,"menu_order":0,"comment_status":"closed","ping_status":"closed","template":"","meta":{"footnotes":""},"class_list":["post-323","page","type-page","status-publish","hentry"],"_links":{"self":[{"href":"https:\/\/www.matam-france.com\/la-mesure\/wp-json\/wp\/v2\/pages\/323","targetHints":{"allow":["GET"]}}],"collection":[{"href":"https:\/\/www.matam-france.com\/la-mesure\/wp-json\/wp\/v2\/pages"}],"about":[{"href":"https:\/\/www.matam-france.com\/la-mesure\/wp-json\/wp\/v2\/types\/page"}],"author":[{"embeddable":true,"href":"https:\/\/www.matam-france.com\/la-mesure\/wp-json\/wp\/v2\/users\/2"}],"replies":[{"embeddable":true,"href":"https:\/\/www.matam-france.com\/la-mesure\/wp-json\/wp\/v2\/comments?post=323"}],"version-history":[{"count":20,"href":"https:\/\/www.matam-france.com\/la-mesure\/wp-json\/wp\/v2\/pages\/323\/revisions"}],"predecessor-version":[{"id":770,"href":"https:\/\/www.matam-france.com\/la-mesure\/wp-json\/wp\/v2\/pages\/323\/revisions\/770"}],"wp:attachment":[{"href":"https:\/\/www.matam-france.com\/la-mesure\/wp-json\/wp\/v2\/media?parent=323"}],"curies":[{"name":"wp","href":"https:\/\/api.w.org\/{rel}","templated":true}]}}