{"id":168,"date":"2019-10-10T18:31:13","date_gmt":"2019-10-10T18:31:13","guid":{"rendered":"http:\/\/matam-france.com\/la-mesure\/?page_id=168"},"modified":"2026-02-04T20:42:38","modified_gmt":"2026-02-04T19:42:38","slug":"ancd302-2","status":"publish","type":"page","link":"https:\/\/www.matam-france.com\/la-mesure\/ancd302-2\/","title":{"rendered":"Appareil de Contr\u00f4le de Disconnecteur ANCD302 (agr\u00e9\u00e9 NF P43-018) et des dispositifs de robinetterie install\u00e9s sur les r\u00e9seaux d\u2019eau potable"},"content":{"rendered":"<p><img loading=\"lazy\" decoding=\"async\" class=\"alignnone wp-image-702 size-medium\" src=\"https:\/\/www.matam-france.com\/la-mesure\/wp-content\/uploads\/2024\/03\/photoANCD302-300x260.jpg\" alt=\"\" width=\"300\" height=\"260\" srcset=\"https:\/\/www.matam-france.com\/la-mesure\/wp-content\/uploads\/2024\/03\/photoANCD302-300x260.jpg 300w, https:\/\/www.matam-france.com\/la-mesure\/wp-content\/uploads\/2024\/03\/photoANCD302-1024x889.jpg 1024w, https:\/\/www.matam-france.com\/la-mesure\/wp-content\/uploads\/2024\/03\/photoANCD302-150x130.jpg 150w, https:\/\/www.matam-france.com\/la-mesure\/wp-content\/uploads\/2024\/03\/photoANCD302-768x666.jpg 768w, https:\/\/www.matam-france.com\/la-mesure\/wp-content\/uploads\/2024\/03\/photoANCD302-1536x1333.jpg 1536w, https:\/\/www.matam-france.com\/la-mesure\/wp-content\/uploads\/2024\/03\/photoANCD302-2048x1777.jpg 2048w\" sizes=\"auto, (max-width: 300px) 100vw, 300px\" \/><\/p>\r\n<p>Appareil Num\u00e9rique de Contr\u00f4le de Disconnecteur type BA de 15 \u00e0 250 mm et des dispositifs de robinetterie install\u00e9s sur les r\u00e9seaux d\u2019eau potable.<\/p>\r\n<p><span style=\"color: #ff0000;\">Appareil agr\u00e9\u00e9 NF P43-018.<\/span><\/p>\r\n<p>Il est compos\u00e9 de 3 voies de mesure :<\/p>\r\n<ul>\r\n<li>2 manom\u00e8tres num\u00e9riques 0\/15 bar<\/li>\r\n<li>1 manom\u00e8tre diff\u00e9rentiel num\u00e9rique 0\/1 bar<\/li>\r\n<\/ul>\r\n<p><a href=\"https:\/\/www.matam-france.com\/la-mesure\/wp-content\/uploads\/2025\/12\/ANCD302.pdf\">T\u00e9l\u00e9charger la documentation<\/a><\/p>\r\n<p><a href=\"https:\/\/www.matam-france.com\/la-mesure\/wp-content\/uploads\/2025\/12\/ANCD302-NF-notice-2025.pdf\">T\u00e9l\u00e9charger la notice<\/a><\/p>\r\n<p><a href=\"http:\/\/matam-france.com\/la-mesure\/nf-p-43-018\/\">Marque NF<\/a><\/p>\r\n<p style=\"text-align: left;\"><a href=\"https:\/\/www.matam-france.com\/la-mesure\/wp-content\/uploads\/2026\/02\/NF045_409-26_1-MATAM.pdf\">Certificat NF de MATAM<\/a><\/p>\r\n\r\n<p>&nbsp;<\/p>\r\n","protected":false},"excerpt":{"rendered":"<p>Appareil Num\u00e9rique de Contr\u00f4le de Disconnecteur type BA de 15 \u00e0 250 mm et des dispositifs de robinetterie install\u00e9s sur les r\u00e9seaux d\u2019eau potable. Appareil agr\u00e9\u00e9 NF P43-018. Il est compos\u00e9 de 3 voies de mesure : 2 manom\u00e8tres num\u00e9riques 0\/15 bar 1 manom\u00e8tre diff\u00e9rentiel num\u00e9rique 0\/1 bar T\u00e9l\u00e9charger la documentation T\u00e9l\u00e9charger la notice Marque&#8230;<\/p>\n","protected":false},"author":1,"featured_media":0,"parent":0,"menu_order":0,"comment_status":"closed","ping_status":"closed","template":"","meta":{"footnotes":""},"class_list":["post-168","page","type-page","status-publish","hentry"],"_links":{"self":[{"href":"https:\/\/www.matam-france.com\/la-mesure\/wp-json\/wp\/v2\/pages\/168","targetHints":{"allow":["GET"]}}],"collection":[{"href":"https:\/\/www.matam-france.com\/la-mesure\/wp-json\/wp\/v2\/pages"}],"about":[{"href":"https:\/\/www.matam-france.com\/la-mesure\/wp-json\/wp\/v2\/types\/page"}],"author":[{"embeddable":true,"href":"https:\/\/www.matam-france.com\/la-mesure\/wp-json\/wp\/v2\/users\/1"}],"replies":[{"embeddable":true,"href":"https:\/\/www.matam-france.com\/la-mesure\/wp-json\/wp\/v2\/comments?post=168"}],"version-history":[{"count":39,"href":"https:\/\/www.matam-france.com\/la-mesure\/wp-json\/wp\/v2\/pages\/168\/revisions"}],"predecessor-version":[{"id":768,"href":"https:\/\/www.matam-france.com\/la-mesure\/wp-json\/wp\/v2\/pages\/168\/revisions\/768"}],"wp:attachment":[{"href":"https:\/\/www.matam-france.com\/la-mesure\/wp-json\/wp\/v2\/media?parent=168"}],"curies":[{"name":"wp","href":"https:\/\/api.w.org\/{rel}","templated":true}]}}