{"id":12,"date":"2019-06-27T07:41:56","date_gmt":"2019-06-27T07:41:56","guid":{"rendered":"http:\/\/matam-france.com\/la-mesure\/?page_id=12"},"modified":"2020-02-18T10:09:57","modified_gmt":"2020-02-18T09:09:57","slug":"maintenance-etalonnage","status":"publish","type":"page","link":"https:\/\/www.matam-france.com\/la-mesure\/maintenance-etalonnage\/","title":{"rendered":"Maintenance \/ \u00c9talonnage"},"content":{"rendered":"\n<div class=\"wp-block-columns has-2-columns is-layout-flex wp-container-core-columns-is-layout-9d6595d7 wp-block-columns-is-layout-flex\">\n<div class=\"wp-block-column is-layout-flow wp-block-column-is-layout-flow\">\n<p>Nos appareils d&rsquo;\u00e9talonnage sont utilis\u00e9s lors de la fabrication et de l&rsquo;\u00e9talonnage des appareils neufs, mais aussi lors des v\u00e9rifications et \u00e9talonnages p\u00e9riodiques impos\u00e9s ou non par la r\u00e9glementation pour des appareils d\u00e9j\u00e0 en circulation.<\/p>\n\n\n\n<p>Dans le cas de besoin d&rsquo;\u00e9talonnage d&rsquo;appareils non fabriqu\u00e9s par MATAM, il est pr\u00e9f\u00e9rable de nous consulter \u00e0 l&rsquo;avance pour v\u00e9rifier la compatibilit\u00e9 de l&rsquo;appareil \u00e0 contr\u00f4ler avec nos bancs d&rsquo;\u00e9talonnage (dimensions, \u00e9tendues de mesure, moyens d&rsquo;accrochage&#8230;)<\/p>\n\n\n\n<p>&nbsp;<\/p>\n<\/div>\n\n\n\n<div class=\"wp-block-column is-layout-flow wp-block-column-is-layout-flow\">\n<div class=\"wp-block-group is-layout-flow wp-block-group-is-layout-flow\"><div class=\"wp-block-group__inner-container\"><\/div><\/div>\n\n\n\n<div class=\"wp-block-image\"><figure class=\"aligncenter size-medium\"><img loading=\"lazy\" decoding=\"async\" width=\"300\" height=\"199\" src=\"http:\/\/matam-france.com\/la-mesure\/wp-content\/uploads\/2019\/10\/Banc-d\u00e9talonnage-pression-100-bar-2-300x199.jpg\" alt=\"\" class=\"wp-image-95\" srcset=\"https:\/\/www.matam-france.com\/la-mesure\/wp-content\/uploads\/2019\/10\/Banc-d\u00e9talonnage-pression-100-bar-2-300x199.jpg 300w, https:\/\/www.matam-france.com\/la-mesure\/wp-content\/uploads\/2019\/10\/Banc-d\u00e9talonnage-pression-100-bar-2-768x509.jpg 768w, https:\/\/www.matam-france.com\/la-mesure\/wp-content\/uploads\/2019\/10\/Banc-d\u00e9talonnage-pression-100-bar-2-1024x678.jpg 1024w\" sizes=\"auto, (max-width: 300px) 100vw, 300px\" \/><\/figure><\/div>\n\n\n\n<p> PRESSION : Banc d&rsquo;\u00e9talonnage 100 bar <\/p>\n\n\n\n<div class=\"wp-block-image\"><figure class=\"aligncenter size-medium\"><img loading=\"lazy\" decoding=\"async\" width=\"300\" height=\"199\" src=\"http:\/\/matam-france.com\/la-mesure\/wp-content\/uploads\/2019\/10\/Banc-d\u00e9talonnage-pression-1000-bar-300x199.jpg\" alt=\"\" class=\"wp-image-104\" srcset=\"https:\/\/www.matam-france.com\/la-mesure\/wp-content\/uploads\/2019\/10\/Banc-d\u00e9talonnage-pression-1000-bar-300x199.jpg 300w, https:\/\/www.matam-france.com\/la-mesure\/wp-content\/uploads\/2019\/10\/Banc-d\u00e9talonnage-pression-1000-bar-768x509.jpg 768w, https:\/\/www.matam-france.com\/la-mesure\/wp-content\/uploads\/2019\/10\/Banc-d\u00e9talonnage-pression-1000-bar-1024x678.jpg 1024w\" sizes=\"auto, (max-width: 300px) 100vw, 300px\" \/><\/figure><\/div>\n\n\n\n<p> PRESSION : Balance manom\u00e9trique 1000 bar  <\/p>\n\n\n\n<div class=\"wp-block-image\"><figure class=\"aligncenter size-medium\"><img loading=\"lazy\" decoding=\"async\" width=\"199\" height=\"300\" src=\"http:\/\/matam-france.com\/la-mesure\/wp-content\/uploads\/2019\/10\/Capteur-de-force-\u00e9talon-100-kN-e1570719769600-199x300.jpg\" alt=\"\" class=\"wp-image-106\" srcset=\"https:\/\/www.matam-france.com\/la-mesure\/wp-content\/uploads\/2019\/10\/Capteur-de-force-\u00e9talon-100-kN-e1570719769600-199x300.jpg 199w, https:\/\/www.matam-france.com\/la-mesure\/wp-content\/uploads\/2019\/10\/Capteur-de-force-\u00e9talon-100-kN-e1570719769600-768x1160.jpg 768w, https:\/\/www.matam-france.com\/la-mesure\/wp-content\/uploads\/2019\/10\/Capteur-de-force-\u00e9talon-100-kN-e1570719769600-678x1024.jpg 678w\" sizes=\"auto, (max-width: 199px) 100vw, 199px\" \/><\/figure><\/div>\n\n\n\n<p> FORCE : Capteur de force 100 kN <\/p>\n\n\n\n<div class=\"wp-block-image\"><figure class=\"aligncenter size-medium\"><img loading=\"lazy\" decoding=\"async\" width=\"300\" height=\"199\" src=\"http:\/\/matam-france.com\/la-mesure\/wp-content\/uploads\/2019\/10\/Capteur-de-force-\u00e9talon-2000-daN-2-300x199.jpg\" alt=\"\" class=\"wp-image-109\" srcset=\"https:\/\/www.matam-france.com\/la-mesure\/wp-content\/uploads\/2019\/10\/Capteur-de-force-\u00e9talon-2000-daN-2-300x199.jpg 300w, https:\/\/www.matam-france.com\/la-mesure\/wp-content\/uploads\/2019\/10\/Capteur-de-force-\u00e9talon-2000-daN-2-768x509.jpg 768w, https:\/\/www.matam-france.com\/la-mesure\/wp-content\/uploads\/2019\/10\/Capteur-de-force-\u00e9talon-2000-daN-2-1024x678.jpg 1024w\" sizes=\"auto, (max-width: 300px) 100vw, 300px\" \/><\/figure><\/div>\n\n\n\n<p> FORCE : Capteur de force 2000 daN <\/p>\n<\/div>\n<\/div>\n\n\n\n<div class=\"wp-block-columns has-2-columns is-layout-flex wp-container-core-columns-is-layout-9d6595d7 wp-block-columns-is-layout-flex\">\n<div class=\"wp-block-column is-layout-flow wp-block-column-is-layout-flow\">\n<p>&nbsp;<\/p>\n<\/div>\n\n\n\n<div class=\"wp-block-column is-layout-flow wp-block-column-is-layout-flow\">\n<p>&nbsp;<\/p>\n<\/div>\n<\/div>\n","protected":false},"excerpt":{"rendered":"<p>Nos appareils d&rsquo;\u00e9talonnage sont utilis\u00e9s lors de la fabrication et de l&rsquo;\u00e9talonnage des appareils neufs, mais aussi lors des v\u00e9rifications et \u00e9talonnages p\u00e9riodiques impos\u00e9s ou non par la r\u00e9glementation pour des appareils d\u00e9j\u00e0 en circulation. Dans le cas de besoin d&rsquo;\u00e9talonnage d&rsquo;appareils non fabriqu\u00e9s par MATAM, il est pr\u00e9f\u00e9rable de nous consulter \u00e0 l&rsquo;avance pour&#8230;<\/p>\n","protected":false},"author":1,"featured_media":95,"parent":0,"menu_order":0,"comment_status":"closed","ping_status":"closed","template":"","meta":{"footnotes":""},"class_list":["post-12","page","type-page","status-publish","has-post-thumbnail","hentry"],"_links":{"self":[{"href":"https:\/\/www.matam-france.com\/la-mesure\/wp-json\/wp\/v2\/pages\/12","targetHints":{"allow":["GET"]}}],"collection":[{"href":"https:\/\/www.matam-france.com\/la-mesure\/wp-json\/wp\/v2\/pages"}],"about":[{"href":"https:\/\/www.matam-france.com\/la-mesure\/wp-json\/wp\/v2\/types\/page"}],"author":[{"embeddable":true,"href":"https:\/\/www.matam-france.com\/la-mesure\/wp-json\/wp\/v2\/users\/1"}],"replies":[{"embeddable":true,"href":"https:\/\/www.matam-france.com\/la-mesure\/wp-json\/wp\/v2\/comments?post=12"}],"version-history":[{"count":40,"href":"https:\/\/www.matam-france.com\/la-mesure\/wp-json\/wp\/v2\/pages\/12\/revisions"}],"predecessor-version":[{"id":538,"href":"https:\/\/www.matam-france.com\/la-mesure\/wp-json\/wp\/v2\/pages\/12\/revisions\/538"}],"wp:featuredmedia":[{"embeddable":true,"href":"https:\/\/www.matam-france.com\/la-mesure\/wp-json\/wp\/v2\/media\/95"}],"wp:attachment":[{"href":"https:\/\/www.matam-france.com\/la-mesure\/wp-json\/wp\/v2\/media?parent=12"}],"curies":[{"name":"wp","href":"https:\/\/api.w.org\/{rel}","templated":true}]}}