{"id":119,"date":"2019-10-10T15:08:10","date_gmt":"2019-10-10T15:08:10","guid":{"rendered":"http:\/\/matam-france.com\/la-mesure\/?page_id=119"},"modified":"2020-01-25T22:10:56","modified_gmt":"2020-01-25T22:10:56","slug":"htc","status":"publish","type":"page","link":"https:\/\/www.matam-france.com\/la-mesure\/htc\/","title":{"rendered":"Dynamom\u00e8tre HTC"},"content":{"rendered":"\r\n<p><img loading=\"lazy\" decoding=\"async\" class=\"alignnone size-medium wp-image-223\" src=\"http:\/\/matam-france.com\/la-mesure\/wp-content\/uploads\/2019\/12\/MATAM-HTC-10-300x225.jpg\" alt=\"\" width=\"300\" height=\"225\" srcset=\"https:\/\/www.matam-france.com\/la-mesure\/wp-content\/uploads\/2019\/12\/MATAM-HTC-10-300x225.jpg 300w, https:\/\/www.matam-france.com\/la-mesure\/wp-content\/uploads\/2019\/12\/MATAM-HTC-10-1024x768.jpg 1024w, https:\/\/www.matam-france.com\/la-mesure\/wp-content\/uploads\/2019\/12\/MATAM-HTC-10-768x576.jpg 768w, https:\/\/www.matam-france.com\/la-mesure\/wp-content\/uploads\/2019\/12\/MATAM-HTC-10-1536x1152.jpg 1536w, https:\/\/www.matam-france.com\/la-mesure\/wp-content\/uploads\/2019\/12\/MATAM-HTC-10.jpg 2048w\" sizes=\"auto, (max-width: 300px) 100vw, 300px\" \/><\/p>\r\n<p>Dynamom\u00e8tre hydraulique pour la mesure de force de compression ou de traction de 40 \u00e0 6000 daN. Le dimensionnement de l&rsquo;appareil est li\u00e9 \u00e0 l&rsquo;effort maximal devant \u00eatre mesur\u00e9. Il existe donc 4 mod\u00e8les :<\/p>\r\n\r\n\r\n\r\n<ul class=\"wp-block-list\">\r\n<li>HTC100 : de 40 \u00e0 100 daN<\/li>\r\n<li>HTC200 : de 160 \u00e0 400 daN<\/li>\r\n<li>HTC300 : de 600 \u00e0 1600 daN (de 6 \u00e0 16 kN)<\/li>\r\n<li>HTC400 : de 2500 \u00e0 6000 daN (de 25 \u00e0 60 kN)<\/li>\r\n<\/ul>\r\n\r\n\r\n\r\n<p>Un piston-cylindre en inox rempli d&rsquo;huile transforme l&rsquo;effort de compression ou de traction en une pression envoy\u00e9e dans un manom\u00e8tre \u00e0 aiguille. La graduation sur le cadran du manom\u00e8tre a pour unit\u00e9 de mesure le daN ou le kN. La valeur de l&rsquo;effort est donc directement indiqu\u00e9e sur le cadran.<\/p>\r\n\r\n\r\n\r\n<p>L&rsquo;indicateur peut \u00eatre mont\u00e9 directement sur l&rsquo;ensemble piston-cylindre ou via une liaison semi-rigide (capillaire cuivre dans une gaine annel\u00e9e en inox recouverte d&rsquo;une gaine thermor\u00e9tractable) pour des mesures \u00e0 distance (1 m en version standard).<\/p>\r\n<p><a href=\"http:\/\/matam-france.com\/la-mesure\/wp-content\/uploads\/2019\/10\/HTC.pdf\">T\u00e9l\u00e9charger la documentation<\/a><\/p>\r\n","protected":false},"excerpt":{"rendered":"<p>Dynamom\u00e8tre hydraulique pour la mesure de force de compression ou de traction de 40 \u00e0 6000 daN. Le dimensionnement de l&rsquo;appareil est li\u00e9 \u00e0 l&rsquo;effort maximal devant \u00eatre mesur\u00e9. Il existe donc 4 mod\u00e8les : HTC100 : de 40 \u00e0 100 daN HTC200 : de 160 \u00e0 400 daN HTC300 : de 600 \u00e0 1600&#8230;<\/p>\n","protected":false},"author":1,"featured_media":0,"parent":0,"menu_order":0,"comment_status":"closed","ping_status":"closed","template":"","meta":{"footnotes":""},"class_list":["post-119","page","type-page","status-publish","hentry"],"_links":{"self":[{"href":"https:\/\/www.matam-france.com\/la-mesure\/wp-json\/wp\/v2\/pages\/119","targetHints":{"allow":["GET"]}}],"collection":[{"href":"https:\/\/www.matam-france.com\/la-mesure\/wp-json\/wp\/v2\/pages"}],"about":[{"href":"https:\/\/www.matam-france.com\/la-mesure\/wp-json\/wp\/v2\/types\/page"}],"author":[{"embeddable":true,"href":"https:\/\/www.matam-france.com\/la-mesure\/wp-json\/wp\/v2\/users\/1"}],"replies":[{"embeddable":true,"href":"https:\/\/www.matam-france.com\/la-mesure\/wp-json\/wp\/v2\/comments?post=119"}],"version-history":[{"count":6,"href":"https:\/\/www.matam-france.com\/la-mesure\/wp-json\/wp\/v2\/pages\/119\/revisions"}],"predecessor-version":[{"id":316,"href":"https:\/\/www.matam-france.com\/la-mesure\/wp-json\/wp\/v2\/pages\/119\/revisions\/316"}],"wp:attachment":[{"href":"https:\/\/www.matam-france.com\/la-mesure\/wp-json\/wp\/v2\/media?parent=119"}],"curies":[{"name":"wp","href":"https:\/\/api.w.org\/{rel}","templated":true}]}}