{"id":117,"date":"2019-10-10T15:07:57","date_gmt":"2019-10-10T15:07:57","guid":{"rendered":"http:\/\/matam-france.com\/la-mesure\/?page_id=117"},"modified":"2020-01-25T16:48:51","modified_gmt":"2020-01-25T16:48:51","slug":"mt-2","status":"publish","type":"page","link":"https:\/\/www.matam-france.com\/la-mesure\/mt-2\/","title":{"rendered":"Extractom\u00e8tre MT"},"content":{"rendered":"\r\n\r\n\r\n\r\n\r\n<p><img loading=\"lazy\" decoding=\"async\" class=\"alignnone size-medium wp-image-141\" src=\"http:\/\/matam-france.com\/la-mesure\/wp-content\/uploads\/2019\/10\/Extractom\u00e8tre-1600-daN-5-300x199.jpg\" alt=\"\" width=\"300\" height=\"199\" srcset=\"https:\/\/www.matam-france.com\/la-mesure\/wp-content\/uploads\/2019\/10\/Extractom\u00e8tre-1600-daN-5-300x199.jpg 300w, https:\/\/www.matam-france.com\/la-mesure\/wp-content\/uploads\/2019\/10\/Extractom\u00e8tre-1600-daN-5-768x509.jpg 768w, https:\/\/www.matam-france.com\/la-mesure\/wp-content\/uploads\/2019\/10\/Extractom\u00e8tre-1600-daN-5-1024x678.jpg 1024w\" sizes=\"auto, (max-width: 300px) 100vw, 300px\" \/><\/p>\r\n<p>Cet appareil est un dynamom\u00e8tre autonome. Il permet d&rsquo;appliquer un effort de traction sur un support (anneau, cheville, rev\u00eatement&#8230;) tout en mesurant sa valeur.<\/p>\r\n\r\n\r\n\r\n<p>Il est possible de mesurer la tenue en charge d&rsquo;un support, mais aussi de v\u00e9rifier la valeur de rupture du support \u00e0 l&rsquo;aide de l&rsquo;aiguille de maximum.<\/p>\r\n<p>Diff\u00e9rentes \u00e9tendues de mesure disponibles &#8211;&gt; nous consulter<\/p>\r\n\r\n\r\n\r\n<p><a href=\"http:\/\/matam-france.com\/la-mesure\/wp-content\/uploads\/2019\/10\/MT.pdf\">T\u00e9l\u00e9charger la documentation<\/a><\/p>\r\n","protected":false},"excerpt":{"rendered":"<p>Cet appareil est un dynamom\u00e8tre autonome. Il permet d&rsquo;appliquer un effort de traction sur un support (anneau, cheville, rev\u00eatement&#8230;) tout en mesurant sa valeur. Il est possible de mesurer la tenue en charge d&rsquo;un support, mais aussi de v\u00e9rifier la valeur de rupture du support \u00e0 l&rsquo;aide de l&rsquo;aiguille de maximum. Diff\u00e9rentes \u00e9tendues de mesure&#8230;<\/p>\n","protected":false},"author":1,"featured_media":0,"parent":0,"menu_order":0,"comment_status":"closed","ping_status":"closed","template":"","meta":{"footnotes":""},"class_list":["post-117","page","type-page","status-publish","hentry"],"_links":{"self":[{"href":"https:\/\/www.matam-france.com\/la-mesure\/wp-json\/wp\/v2\/pages\/117","targetHints":{"allow":["GET"]}}],"collection":[{"href":"https:\/\/www.matam-france.com\/la-mesure\/wp-json\/wp\/v2\/pages"}],"about":[{"href":"https:\/\/www.matam-france.com\/la-mesure\/wp-json\/wp\/v2\/types\/page"}],"author":[{"embeddable":true,"href":"https:\/\/www.matam-france.com\/la-mesure\/wp-json\/wp\/v2\/users\/1"}],"replies":[{"embeddable":true,"href":"https:\/\/www.matam-france.com\/la-mesure\/wp-json\/wp\/v2\/comments?post=117"}],"version-history":[{"count":14,"href":"https:\/\/www.matam-france.com\/la-mesure\/wp-json\/wp\/v2\/pages\/117\/revisions"}],"predecessor-version":[{"id":318,"href":"https:\/\/www.matam-france.com\/la-mesure\/wp-json\/wp\/v2\/pages\/117\/revisions\/318"}],"wp:attachment":[{"href":"https:\/\/www.matam-france.com\/la-mesure\/wp-json\/wp\/v2\/media?parent=117"}],"curies":[{"name":"wp","href":"https:\/\/api.w.org\/{rel}","templated":true}]}}